{"id":84,"date":"2025-04-22T14:05:46","date_gmt":"2025-04-22T12:05:46","guid":{"rendered":"http:\/\/gforce.se\/?page_id=84"},"modified":"2026-02-09T15:43:27","modified_gmt":"2026-02-09T14:43:27","slug":"falttest","status":"publish","type":"page","link":"https:\/\/gforce.se\/en\/falttest\/","title":{"rendered":"Field test\u00a0"},"content":{"rendered":"\t\t<div data-elementor-type=\"wp-page\" data-elementor-id=\"84\" class=\"elementor elementor-84\" data-elementor-post-type=\"page\">\n\t\t\t\t<div class=\"elementor-element elementor-element-57f81239 e-flex e-con-boxed e-con e-parent\" data-id=\"57f81239\" data-element_type=\"container\" data-e-type=\"container\" data-settings=\"{&quot;background_background&quot;:&quot;classic&quot;,&quot;jet_parallax_layout_list&quot;:[]}\">\n\t\t\t\t\t<div class=\"e-con-inner\">\n\t\t<div class=\"elementor-element elementor-element-62e08022 e-con-full e-flex e-con e-child\" data-id=\"62e08022\" data-element_type=\"container\" data-e-type=\"container\" data-settings=\"{&quot;jet_parallax_layout_list&quot;:[]}\">\n\t\t\t\t<\/div>\n\t\t\t\t\t<\/div>\n\t\t\t\t<\/div>\n\t\t<div class=\"elementor-element elementor-element-95eba3d e-flex e-con-boxed e-con e-parent\" data-id=\"95eba3d\" data-element_type=\"container\" data-e-type=\"container\" data-settings=\"{&quot;jet_parallax_layout_list&quot;:[]}\">\n\t\t\t\t\t<div class=\"e-con-inner\">\n\t\t\t\t<div class=\"elementor-element elementor-element-f85c2f0 elementor-nav-menu--dropdown-none elementor-widget elementor-widget-global elementor-global-409 elementor-widget-nav-menu\" data-id=\"f85c2f0\" data-element_type=\"widget\" data-e-type=\"widget\" data-settings=\"{&quot;layout&quot;:&quot;horizontal&quot;,&quot;submenu_icon&quot;:{&quot;value&quot;:&quot;fas fa-caret-down&quot;,&quot;library&quot;:&quot;fa-solid&quot;}}\" data-widget_type=\"nav-menu.default\">\n\t\t\t\t<div class=\"elementor-widget-container\">\n\t\t\t\t\t\t\t\t<nav aria-label=\"Meny\" class=\"elementor-nav-menu--main elementor-nav-menu__container elementor-nav-menu--layout-horizontal e--pointer-background e--animation-fade\">\n\t\t\t\t<ul id=\"menu-1-f85c2f0\" class=\"elementor-nav-menu\"><li class=\"menu-item menu-item-type-post_type menu-item-object-page menu-item-384\"><a href=\"https:\/\/gforce.se\/en\/balansering\/\" class=\"elementor-item menu-link\">Balansering\u00a0<\/a><\/li>\n<li class=\"menu-item menu-item-type-post_type menu-item-object-page menu-item-383\"><a href=\"https:\/\/gforce.se\/en\/falttest\/\" class=\"elementor-item menu-link\">F\u00e4lttest\u00a0<\/a><\/li>\n<\/ul>\t\t\t<\/nav>\n\t\t\t\t\t\t<nav class=\"elementor-nav-menu--dropdown elementor-nav-menu__container\" aria-hidden=\"true\">\n\t\t\t\t<ul id=\"menu-2-f85c2f0\" class=\"elementor-nav-menu\"><li class=\"menu-item menu-item-type-post_type menu-item-object-page menu-item-384\"><a href=\"https:\/\/gforce.se\/en\/balansering\/\" class=\"elementor-item menu-link\" tabindex=\"-1\">Balansering\u00a0<\/a><\/li>\n<li class=\"menu-item menu-item-type-post_type menu-item-object-page menu-item-383\"><a href=\"https:\/\/gforce.se\/en\/falttest\/\" class=\"elementor-item menu-link\" tabindex=\"-1\">F\u00e4lttest\u00a0<\/a><\/li>\n<\/ul>\t\t\t<\/nav>\n\t\t\t\t\t\t<\/div>\n\t\t\t\t<\/div>\n\t\t\t\t\t<\/div>\n\t\t\t\t<\/div>\n\t\t<div class=\"elementor-element elementor-element-146f0ca9 e-flex e-con-boxed e-con e-parent\" data-id=\"146f0ca9\" data-element_type=\"container\" data-e-type=\"container\" data-settings=\"{&quot;jet_parallax_layout_list&quot;:[]}\">\n\t\t\t\t\t<div class=\"e-con-inner\">\n\t\t<div class=\"elementor-element elementor-element-5eab03a7 e-con-full e-flex e-con e-child\" data-id=\"5eab03a7\" data-element_type=\"container\" data-e-type=\"container\" data-settings=\"{&quot;jet_parallax_layout_list&quot;:[]}\">\n\t\t\t\t<div class=\"elementor-element elementor-element-7ec18ef3 elementor-widget elementor-widget-heading\" data-id=\"7ec18ef3\" data-element_type=\"widget\" data-e-type=\"widget\" data-widget_type=\"heading.default\">\n\t\t\t\t<div class=\"elementor-widget-container\">\n\t\t\t\t\t<h2 class=\"elementor-heading-title elementor-size-default\">F\u00e4lttest \u2013 m\u00e4tningar i verklig drift\n<\/h2>\t\t\t\t<\/div>\n\t\t\t\t<\/div>\n\t\t\t\t<div class=\"elementor-element elementor-element-5feeb962 elementor-widget elementor-widget-text-editor\" data-id=\"5feeb962\" data-element_type=\"widget\" data-e-type=\"widget\" data-widget_type=\"text-editor.default\">\n\t\t\t\t<div class=\"elementor-widget-container\">\n\t\t\t\t\t\t\t\t\t<p>Eftersom det finns m\u00e5nga typer av produkter som kr\u00e4ver olika typer av utrustning har vi flera olika testmaskiner vi anv\u00e4nder. Vi har bland annat byggt upp en testrigg med en liten dekanter som klarar 0-1000l\/h med en G-kraft upp till 3000G. Den kan g\u00e5 manuellt eller helt automatiskt. Vi har ocks\u00e5 ett flertal separatorer vi anv\u00e4nder till tester och produktionsprov med kapacitet mellan 0-5000l\/h. Vi utf\u00f6r tester b\u00e5de hos kund s\u00e5v\u00e4l som i v\u00e5ra lokaler.<\/p><article class=\"text-token-text-primary w-full\" dir=\"auto\" data-testid=\"conversation-turn-15\" data-scroll-anchor=\"false\"><div class=\"text-base my-auto mx-auto py-5 [--thread-content-margin:--spacing(4)] @[37rem]:[--thread-content-margin:--spacing(6)] @[70rem]:[--thread-content-margin:--spacing(12)] px-(--thread-content-margin)\"><div class=\"[--thread-content-max-width:32rem] @[34rem]:[--thread-content-max-width:40rem] @[64rem]:[--thread-content-max-width:48rem] mx-auto flex max-w-(--thread-content-max-width) flex-1 text-base gap-4 md:gap-5 lg:gap-6 group\/turn-messages focus-visible:outline-hidden\" tabindex=\"-1\"><div class=\"group\/conversation-turn relative flex w-full min-w-0 flex-col\"><div class=\"relative flex-col gap-1 md:gap-3\"><div class=\"flex max-w-full flex-col grow\"><div class=\"min-h-8 text-message relative flex w-full flex-col items-end gap-2 text-start break-words whitespace-normal [.text-message+&amp;]:mt-5\" dir=\"auto\" data-message-author-role=\"user\" data-message-id=\"10695356-77d4-4b7e-b352-0efd5a58bac2\"><div class=\"flex w-full flex-col gap-1 empty:hidden items-end rtl:items-start\"><div class=\"relative max-w-[var(--user-chat-width,70%)] bg-token-message-surface rounded-3xl px-5 py-2.5\"><div class=\"whitespace-pre-wrap\">Vid en test utv\u00e4rderas alla resultat i en liten labb-spinncentrifug s\u00e5 att vi p\u00e5 ett \u00f6versk\u00e5dligt s\u00e4tt ser skillnaden f\u00f6re och efter maskinerna och kan avg\u00f6ra vad som beh\u00f6ver justeras.<\/div><\/div><\/div><\/div><\/div><\/div><\/div><\/div><\/div><\/article><article class=\"text-token-text-primary w-full\" dir=\"auto\" data-testid=\"conversation-turn-16\" data-scroll-anchor=\"false\"><h6 class=\"sr-only\">\u00a0<\/h6><\/article><p>\u00a0<\/p>\t\t\t\t\t\t\t\t<\/div>\n\t\t\t\t<\/div>\n\t\t\t\t<div class=\"elementor-element elementor-element-1e5394ca elementor-mobile-align-justify elementor-widget elementor-widget-button\" data-id=\"1e5394ca\" data-element_type=\"widget\" data-e-type=\"widget\" data-widget_type=\"button.default\">\n\t\t\t\t<div class=\"elementor-widget-container\">\n\t\t\t\t\t\t\t\t\t<div class=\"elementor-button-wrapper\">\n\t\t\t\t\t<a class=\"elementor-button elementor-button-link elementor-size-sm\" href=\"\/kontakta-oss\/\">\n\t\t\t\t\t\t<span class=\"elementor-button-content-wrapper\">\n\t\t\t\t\t\t\t\t\t<span class=\"elementor-button-text\">Kontakta oss<\/span>\n\t\t\t\t\t<\/span>\n\t\t\t\t\t<\/a>\n\t\t\t\t<\/div>\n\t\t\t\t\t\t\t\t<\/div>\n\t\t\t\t<\/div>\n\t\t\t\t<\/div>\n\t\t<div class=\"elementor-element elementor-element-6999e396 e-con-full e-flex e-con e-child\" data-id=\"6999e396\" data-element_type=\"container\" data-e-type=\"container\" data-settings=\"{&quot;jet_parallax_layout_list&quot;:[]}\">\n\t\t\t\t<div class=\"elementor-element elementor-element-41497a30 elementor-widget elementor-widget-image\" data-id=\"41497a30\" data-element_type=\"widget\" data-e-type=\"widget\" data-widget_type=\"image.default\">\n\t\t\t\t<div class=\"elementor-widget-container\">\n\t\t\t\t\t\t\t\t\t\t\t\t\t\t\t<img fetchpriority=\"high\" decoding=\"async\" width=\"1024\" height=\"768\" src=\"https:\/\/gforce.se\/wp-content\/uploads\/2025\/04\/img-1674_orig-1024x768.jpg\" class=\"attachment-large size-large wp-image-208\" alt=\"balansering\" srcset=\"https:\/\/gforce.se\/wp-content\/uploads\/2025\/04\/img-1674_orig-1024x768.jpg 1024w, https:\/\/gforce.se\/wp-content\/uploads\/2025\/04\/img-1674_orig-300x225.jpg 300w, https:\/\/gforce.se\/wp-content\/uploads\/2025\/04\/img-1674_orig-768x576.jpg 768w, https:\/\/gforce.se\/wp-content\/uploads\/2025\/04\/img-1674_orig-600x450.jpg 600w, https:\/\/gforce.se\/wp-content\/uploads\/2025\/04\/img-1674_orig-64x48.jpg 64w, https:\/\/gforce.se\/wp-content\/uploads\/2025\/04\/img-1674_orig.jpg 1067w\" sizes=\"(max-width: 1024px) 100vw, 1024px\" \/>\t\t\t\t\t\t\t\t\t\t\t\t\t\t\t<\/div>\n\t\t\t\t<\/div>\n\t\t\t\t<\/div>\n\t\t\t\t\t<\/div>\n\t\t\t\t<\/div>\n\t\t\t\t<\/div>\n\t\t","protected":false},"excerpt":{"rendered":"<p>F\u00e4lttest \u2013 m\u00e4tningar i verklig drift Eftersom det finns m\u00e5nga typer av produkter som kr\u00e4ver olika typer av utrustning har [&hellip;]<\/p>\n","protected":false},"author":1,"featured_media":0,"parent":0,"menu_order":0,"comment_status":"closed","ping_status":"closed","template":"","meta":{"site-sidebar-layout":"no-sidebar","site-content-layout":"","ast-site-content-layout":"full-width-container","site-content-style":"default","site-sidebar-style":"default","ast-global-header-display":"","ast-banner-title-visibility":"","ast-main-header-display":"","ast-hfb-above-header-display":"","ast-hfb-below-header-display":"","ast-hfb-mobile-header-display":"","site-post-title":"disabled","ast-breadcrumbs-content":"","ast-featured-img":"disabled","footer-sml-layout":"","ast-disable-related-posts":"","theme-transparent-header-meta":"","adv-header-id-meta":"","stick-header-meta":"","header-above-stick-meta":"","header-main-stick-meta":"","header-below-stick-meta":"","astra-migrate-meta-layouts":"default","ast-page-background-enabled":"default","ast-page-background-meta":{"desktop":{"background-color":"var(--ast-global-color-5)","background-image":"","background-repeat":"repeat","background-position":"center center","background-size":"auto","background-attachment":"scroll","background-type":"","background-media":"","overlay-type":"","overlay-color":"","overlay-opacity":"","overlay-gradient":""},"tablet":{"background-color":"","background-image":"","background-repeat":"repeat","background-position":"center center","background-size":"auto","background-attachment":"scroll","background-type":"","background-media":"","overlay-type":"","overlay-color":"","overlay-opacity":"","overlay-gradient":""},"mobile":{"background-color":"","background-image":"","background-repeat":"repeat","background-position":"center center","background-size":"auto","background-attachment":"scroll","background-type":"","background-media":"","overlay-type":"","overlay-color":"","overlay-opacity":"","overlay-gradient":""}},"ast-content-background-meta":{"desktop":{"background-color":"var(--ast-global-color-4)","background-image":"","background-repeat":"repeat","background-position":"center center","background-size":"auto","background-attachment":"scroll","background-type":"","background-media":"","overlay-type":"","overlay-color":"","overlay-opacity":"","overlay-gradient":""},"tablet":{"background-color":"var(--ast-global-color-4)","background-image":"","background-repeat":"repeat","background-position":"center center","background-size":"auto","background-attachment":"scroll","background-type":"","background-media":"","overlay-type":"","overlay-color":"","overlay-opacity":"","overlay-gradient":""},"mobile":{"background-color":"var(--ast-global-color-4)","background-image":"","background-repeat":"repeat","background-position":"center center","background-size":"auto","background-attachment":"scroll","background-type":"","background-media":"","overlay-type":"","overlay-color":"","overlay-opacity":"","overlay-gradient":""}},"footnotes":""},"class_list":["post-84","page","type-page","status-publish","hentry"],"_links":{"self":[{"href":"https:\/\/gforce.se\/en\/wp-json\/wp\/v2\/pages\/84","targetHints":{"allow":["GET"]}}],"collection":[{"href":"https:\/\/gforce.se\/en\/wp-json\/wp\/v2\/pages"}],"about":[{"href":"https:\/\/gforce.se\/en\/wp-json\/wp\/v2\/types\/page"}],"author":[{"embeddable":true,"href":"https:\/\/gforce.se\/en\/wp-json\/wp\/v2\/users\/1"}],"replies":[{"embeddable":true,"href":"https:\/\/gforce.se\/en\/wp-json\/wp\/v2\/comments?post=84"}],"version-history":[{"count":28,"href":"https:\/\/gforce.se\/en\/wp-json\/wp\/v2\/pages\/84\/revisions"}],"predecessor-version":[{"id":1050,"href":"https:\/\/gforce.se\/en\/wp-json\/wp\/v2\/pages\/84\/revisions\/1050"}],"wp:attachment":[{"href":"https:\/\/gforce.se\/en\/wp-json\/wp\/v2\/media?parent=84"}],"curies":[{"name":"wp","href":"https:\/\/api.w.org\/{rel}","templated":true}]}}